{"id":9554,"date":"2021-11-09T23:35:45","date_gmt":"2021-11-09T21:35:45","guid":{"rendered":"http:\/\/almhtrf.ly\/?post_type=product&#038;p=9554"},"modified":"2026-02-28T15:38:58","modified_gmt":"2026-02-28T13:38:58","slug":"iphone-xr-screws-set","status":"publish","type":"product","link":"https:\/\/almhtrf.ly\/ar\/product\/iphone-xr-screws-set\/","title":{"rendered":"\u0645\u062c\u0645\u0648\u0639\u0629 \u0628\u0631\u0627\u063a\u064a \u0627\u064a\u0641\u0648\u0646 XR"},"content":{"rendered":"<p> &#8211; \u0645\u0642\u0627\u0633 \u0627\u0644\u0628\u0631\u0627\u063a\u064a: M1 \u00d7 1.35 \u00d7 1.9D \u00d7 0.3T<br \/>\n&#8211; \u0639\u062f\u062f \u0627\u0644\u0642\u0637\u0639: 30 \u0628\u0631\u063a\u064a<br \/>\n&#8211; \u0645\u0627\u062f\u0629 \u0645\u0642\u0627\u0648\u0645\u0629 \u0644\u0644\u0635\u062f\u0623 \u0648\u0627\u0644\u0645\u0627\u0621<br \/>\n&#8211; \u0645\u062a\u0648\u0627\u0641\u0642\u0629 \u0645\u0639 \u0627\u064a\u0641\u0648\u0646 XR.<\/p>","protected":false},"excerpt":{"rendered":"<p>\u0645\u062c\u0645\u0648\u0639\u0629 \u0628\u0631\u0627\u063a\u064a \u0644\u0623\u062c\u0647\u0632\u0629 \u0627\u064a\u0641\u0648\u0646 XR<\/p>\n","protected":false},"featured_media":9555,"comment_status":"open","ping_status":"closed","template":"","meta":{"_acf_changed":false},"product_brand":[],"product_cat":[31,98,530],"product_tag":[],"class_list":{"0":"post-9554","1":"product","2":"type-product","3":"status-publish","4":"has-post-thumbnail","6":"product_cat-spare-parts","7":"product_cat-applle","8":"product_cat-iphone-xr","10":"first","11":"instock","12":"shipping-taxable","13":"purchasable","14":"product-type-simple"},"group_of_quantity":0,"min_quantity":0,"max_quantity":"","exclude_order_quantity_value_rules":"no","exclude_category_quantity_rules":"no","combine_variations":"no","acf":[],"pure_taxonomies":{"product_cat":[{"term_id":31,"name":"Spare parts","slug":"spare-parts","term_group":0,"term_taxonomy_id":31,"taxonomy":"product_cat","description":"","parent":0,"count":1778,"filter":"raw","image":""},{"term_id":98,"name":"Apple","slug":"applle","term_group":0,"term_taxonomy_id":98,"taxonomy":"product_cat","description":"","parent":31,"count":614,"filter":"raw","image":""},{"term_id":530,"name":"iPhone XR","slug":"iphone-xr","term_group":0,"term_taxonomy_id":530,"taxonomy":"product_cat","description":"","parent":519,"count":42,"filter":"raw","image":""}]},"_links":{"self":[{"href":"https:\/\/almhtrf.ly\/ar\/wp-json\/wp\/v2\/product\/9554","targetHints":{"allow":["GET"]}}],"collection":[{"href":"https:\/\/almhtrf.ly\/ar\/wp-json\/wp\/v2\/product"}],"about":[{"href":"https:\/\/almhtrf.ly\/ar\/wp-json\/wp\/v2\/types\/product"}],"replies":[{"embeddable":true,"href":"https:\/\/almhtrf.ly\/ar\/wp-json\/wp\/v2\/comments?post=9554"}],"wp:featuredmedia":[{"embeddable":true,"href":"https:\/\/almhtrf.ly\/ar\/wp-json\/wp\/v2\/media\/9555"}],"wp:attachment":[{"href":"https:\/\/almhtrf.ly\/ar\/wp-json\/wp\/v2\/media?parent=9554"}],"wp:term":[{"taxonomy":"product_brand","embeddable":true,"href":"https:\/\/almhtrf.ly\/ar\/wp-json\/wp\/v2\/product_brand?post=9554"},{"taxonomy":"product_cat","embeddable":true,"href":"https:\/\/almhtrf.ly\/ar\/wp-json\/wp\/v2\/product_cat?post=9554"},{"taxonomy":"product_tag","embeddable":true,"href":"https:\/\/almhtrf.ly\/ar\/wp-json\/wp\/v2\/product_tag?post=9554"}],"curies":[{"name":"wp","href":"https:\/\/api.w.org\/{rel}","templated":true}]}}